{"id":7051,"date":"2024-02-10T20:20:47","date_gmt":"2024-02-11T01:20:47","guid":{"rendered":"https:\/\/vannghetudo.org\/?page_id=7051"},"modified":"2024-02-17T21:43:35","modified_gmt":"2024-02-18T02:43:35","slug":"xuan-giap-thin-2024","status":"publish","type":"page","link":"https:\/\/vannghetudo.org\/index.php\/xuan-giap-thin-2024\/","title":{"rendered":"XU\u00c2N GI\u00c1P TH\u00ccN 2024"},"content":{"rendered":"<p><script>\nwindow.location.href = \"https:\/\/vannghetudo.org\/index.php\/category\/chu-de\/xuan\/\";\n<\/script><\/p>\n","protected":false},"excerpt":{"rendered":"","protected":false},"author":1,"featured_media":0,"parent":0,"menu_order":0,"comment_status":"closed","ping_status":"closed","template":"","meta":{"ngg_post_thumbnail":0,"cybocfi_hide_featured_image":"","footnotes":""},"class_list":["post-7051","page","type-page","status-publish","hentry"],"acf":[],"_links":{"self":[{"href":"https:\/\/vannghetudo.org\/index.php\/wp-json\/wp\/v2\/pages\/7051","targetHints":{"allow":["GET"]}}],"collection":[{"href":"https:\/\/vannghetudo.org\/index.php\/wp-json\/wp\/v2\/pages"}],"about":[{"href":"https:\/\/vannghetudo.org\/index.php\/wp-json\/wp\/v2\/types\/page"}],"author":[{"embeddable":true,"href":"https:\/\/vannghetudo.org\/index.php\/wp-json\/wp\/v2\/users\/1"}],"replies":[{"embeddable":true,"href":"https:\/\/vannghetudo.org\/index.php\/wp-json\/wp\/v2\/comments?post=7051"}],"version-history":[{"count":13,"href":"https:\/\/vannghetudo.org\/index.php\/wp-json\/wp\/v2\/pages\/7051\/revisions"}],"predecessor-version":[{"id":7217,"href":"https:\/\/vannghetudo.org\/index.php\/wp-json\/wp\/v2\/pages\/7051\/revisions\/7217"}],"wp:attachment":[{"href":"https:\/\/vannghetudo.org\/index.php\/wp-json\/wp\/v2\/media?parent=7051"}],"curies":[{"name":"wp","href":"https:\/\/api.w.org\/{rel}","templated":true}]}}