{"id":421,"date":"2017-09-29T12:11:26","date_gmt":"2017-09-29T16:11:26","guid":{"rendered":"https:\/\/vannghetudo.org\/?page_id=421"},"modified":"2024-02-10T20:19:49","modified_gmt":"2024-02-11T01:19:49","slug":"van-kho","status":"publish","type":"page","link":"https:\/\/vannghetudo.org\/index.php\/van-kho\/","title":{"rendered":"V\u0102N KH\u1ed0"},"content":{"rendered":"<p class=\"auto-style1\"><a href=\"https:\/\/vannghetudo.org\/old\/winter2013.php\" target=\"_blank\" rel=\"noopener noreferrer\">\u0110\u00d4NG 2013<\/a><\/p>\n<p class=\"auto-style1\"><a href=\"https:\/\/vannghetudo.org\/old\/xuangiapngo.php\" target=\"_blank\" rel=\"noopener noreferrer\">XU\u00c2N GI\u00c1P NG\u1ecc 2014<\/a><\/p>\n<p class=\"auto-style1\"><a href=\"https:\/\/vannghetudo.org\/old\/trangthu2014\/trangthu.html\" target=\"_blank\" rel=\"noopener noreferrer\">THU 2014<\/a><\/p>\n<p class=\"auto-style1\"><a href=\"https:\/\/vannghetudo.org\/old\/thanksgiving2014\/thanksgiving2014.html\" target=\"_blank\" rel=\"noopener noreferrer\">L\u1ec4 T\u1ea0 \u01a0N 2014<\/a><\/p>\n<p class=\"auto-style1\"><a href=\"https:\/\/vannghetudo.org\/old\/thu2015\/thu2015.html\" target=\"_blank\" rel=\"noopener noreferrer\">THU 2015<\/a><\/p>\n","protected":false},"excerpt":{"rendered":"<p>\u0110\u00d4NG 2013 XU\u00c2N GI\u00c1P NG\u1ecc 2014 THU 2014 L\u1ec4 T\u1ea0 \u01a0N 2014 THU 2015<\/p>\n","protected":false},"author":1,"featured_media":0,"parent":0,"menu_order":0,"comment_status":"closed","ping_status":"closed","template":"","meta":{"ngg_post_thumbnail":0,"cybocfi_hide_featured_image":"","footnotes":""},"class_list":["post-421","page","type-page","status-publish","hentry"],"acf":[],"_links":{"self":[{"href":"https:\/\/vannghetudo.org\/index.php\/wp-json\/wp\/v2\/pages\/421","targetHints":{"allow":["GET"]}}],"collection":[{"href":"https:\/\/vannghetudo.org\/index.php\/wp-json\/wp\/v2\/pages"}],"about":[{"href":"https:\/\/vannghetudo.org\/index.php\/wp-json\/wp\/v2\/types\/page"}],"author":[{"embeddable":true,"href":"https:\/\/vannghetudo.org\/index.php\/wp-json\/wp\/v2\/users\/1"}],"replies":[{"embeddable":true,"href":"https:\/\/vannghetudo.org\/index.php\/wp-json\/wp\/v2\/comments?post=421"}],"version-history":[{"count":10,"href":"https:\/\/vannghetudo.org\/index.php\/wp-json\/wp\/v2\/pages\/421\/revisions"}],"predecessor-version":[{"id":5788,"href":"https:\/\/vannghetudo.org\/index.php\/wp-json\/wp\/v2\/pages\/421\/revisions\/5788"}],"wp:attachment":[{"href":"https:\/\/vannghetudo.org\/index.php\/wp-json\/wp\/v2\/media?parent=421"}],"curies":[{"name":"wp","href":"https:\/\/api.w.org\/{rel}","templated":true}]}}