{"id":202,"date":"2017-07-27T03:26:25","date_gmt":"2017-07-27T03:26:25","guid":{"rendered":"https:\/\/vannghetudo.org\/?page_id=202"},"modified":"2024-02-11T00:33:23","modified_gmt":"2024-02-11T05:33:23","slug":"hoi-vien","status":"publish","type":"page","link":"https:\/\/vannghetudo.org\/index.php\/hoi-vien\/","title":{"rendered":"H\u1ed8I VI\u00caN"},"content":{"rendered":"<div class=\"column\"><a href=\"https:\/\/vannghetudo.org\/index.php\/tag\/bich-nguyet\/\">B\u00edch Nguy\u1ec7t<\/a><br \/>\n<a class=\"auto-style4\" href=\"https:\/\/vannghetudo.org\/index.php\/tag\/boi-ngoc\/\">B\u1ed9i Ng\u1ecdc<\/a><br \/>\n<a class=\"auto-style4\" href=\"https:\/\/vannghetudo.org\/index.php\/tag\/bui-quang-dung\/\">B\u00f9i Quang D\u0169ng<\/a><br \/>\n<a class=\"auto-style4\" href=\"https:\/\/vannghetudo.org\/index.php\/tag\/bui-thach-truong-son\/\">B\u00f9i Th\u1ea1ch Tr\u01b0\u1eddng S\u01a1n<\/a><br \/>\n<a href=\"https:\/\/vannghetudo.org\/index.php\/tag\/chau-ha\/\">Ch\u00e2u H\u00e0<\/a><br \/>\n<a class=\"auto-style4\" href=\"https:\/\/vannghetudo.org\/index.php\/tag\/duy-xuyen\/\">Duy Xuy\u00ean<\/a><br \/>\n<a href=\"https:\/\/vannghetudo.org\/index.php\/tag\/nhu-mai\/\">\u0110inh Nh\u01b0 Mai<\/a><br \/>\n<a class=\"auto-style4\" href=\"https:\/\/vannghetudo.org\/index.php\/tag\/doan-thuy-tien\/\">\u0110o\u00e0n Th\u1ee7y Ti\u00ean<\/a><br \/>\n<a class=\"auto-style4\" href=\"https:\/\/vannghetudo.org\/index.php\/tag\/han-tuy-xat\/\">H\u00e0n Tuy X\u00e1t<\/a><br \/>\n<a class=\"auto-style4\" href=\"https:\/\/vannghetudo.org\/index.php\/tag\/hoa-van\/\">Hoa V\u0103n<\/a><br \/>\n<a class=\"auto-style4\" href=\"https:\/\/vannghetudo.org\/index.php\/tag\/hoa-rau-muong\/\">Hoa Rau Mu\u1ed1ng<\/a><br \/>\n<a class=\"auto-style4\" href=\"https:\/\/vannghetudo.org\/index.php\/tag\/hoang-nam\/\">Ho\u00e0ng Nam<\/a><br \/>\n<a class=\"auto-style4\" href=\"https:\/\/vannghetudo.org\/index.php\/tag\/huynh-trong-tam\/\">Hu\u1ef3nh Tr\u1ecdng T\u00e2m<\/a><br \/>\n<a class=\"auto-style4\" href=\"https:\/\/vannghetudo.org\/index.php\/tag\/le-cam-thanh\/\">L\u00ea C\u1ea9m Thanh<\/a><br \/>\n<a class=\"auto-style4\" href=\"https:\/\/vannghetudo.org\/index.php\/tag\/le-phi-o\/\">L\u00ea Phi \u00d4<\/a><br \/>\n<a class=\"auto-style4\" href=\"https:\/\/vannghetudo.org\/index.php\/tag\/le-phuoc-quy-viet\/\">L\u00ea Ph\u01b0\u1edbc Quy Vi\u1ec7t<\/a><br \/>\n<a href=\"https:\/\/vannghetudo.org\/index.php\/tag\/le-thi-hoai-niem\/\">L\u00ea Th\u1ecb Ho\u00e0i Ni\u1ec7m<\/a><br \/>\n<a class=\"auto-style4\" href=\"https:\/\/vannghetudo.org\/index.php\/tag\/le-van-huong\/\">L\u00ea V\u0103n H\u01b0\u1edfng<\/a><br \/>\n<a class=\"auto-style4\" href=\"https:\/\/vannghetudo.org\/index.php\/tag\/lmst\/\">LMST<\/a><br \/>\n<a class=\"auto-style4\" href=\"https:\/\/vannghetudo.org\/index.php\/tag\/luu-hong-phuc\/\">L\u01b0u H\u1ed3ng Ph\u00fac<\/a><br \/>\n<a href=\"https:\/\/vannghetudo.org\/index.php\/tag\/may-tim\/\">M\u00e2y T\u00edm<\/a><br \/>\n<a class=\"auto-style4\" href=\"https:\/\/vannghetudo.org\/index.php\/tag\/minh-nha\/\">Minh Nh\u00e3<\/a><br \/>\n<a class=\"auto-style4\" href=\"https:\/\/vannghetudo.org\/index.php\/tag\/nam-thao\/\">Nam Th\u1ea3o<\/a><br \/>\n<a class=\"auto-style4\" href=\"https:\/\/vannghetudo.org\/index.php\/tag\/ngo-truong-tien\/\">Ng\u00f4 Tr\u01b0\u1edfng Ti\u1ebfn<\/a><br \/>\n<a href=\"https:\/\/vannghetudo.org\/index.php\/tag\/ngoc-linh-phong\/\">Ng\u1ecdc Linh Phong<\/a><br \/>\n<a class=\"auto-style4\" href=\"https:\/\/vannghetudo.org\/index.php\/tag\/nguoi-xu-van\/\">Ng\u01b0\u1eddi X\u1ee9 V\u1ea1n<\/a><br \/>\n<a class=\"auto-style4\" href=\"https:\/\/vannghetudo.org\/index.php\/tag\/nguyen-ha\/\">Nguy\u00ean H\u00e0<\/a><br \/>\n<a class=\"auto-style4\" href=\"https:\/\/vannghetudo.org\/index.php\/tag\/hoang-linh\/\">Nguy\u1ec5n Ho\u00e0ng Linh<\/a><br \/>\n<a class=\"auto-style4\" href=\"https:\/\/vannghetudo.org\/index.php\/tag\/nguyen-ngo\/\">Nguy\u00ean Ng\u1ed9<\/a><br \/>\n<a class=\"auto-style4\" href=\"https:\/\/vannghetudo.org\/index.php\/tag\/nguyen-van-ha\/\">Nguy\u1ec5n V\u0103n H\u00e0<\/a><br \/>\n<a class=\"auto-style4\" href=\"https:\/\/vannghetudo.org\/old\/hoi_vien\/nguyen%20van%20thanh\/mainpage.html\">Nguy\u1ec5n V\u0103n Th\u00e0nh<\/a><br \/>\n<a class=\"auto-style4\" href=\"https:\/\/vannghetudo.org\/index.php\/tag\/pham-ba-phu\/\">Ph\u1ea1m B\u00e1 Ph\u00fa<\/a><br \/>\n<a class=\"auto-style4\" href=\"https:\/\/vannghetudo.org\/index.php\/tag\/pham-hoai-huong\/\">Ph\u1ea1m Ho\u00e0i H\u01b0\u01a1ng<\/a><br \/>\n<a class=\"auto-style4\" href=\"https:\/\/vannghetudo.org\/old\/hoi_vien\/pham%20thien\/mainpage.html\">Ph\u1ea1m Thi\u1ec7n<\/a><br \/>\n<a class=\"auto-style4\" href=\"https:\/\/vannghetudo.org\/index.php\/tag\/phan-long\/\">Phan Long<\/a><br \/>\n<a href=\"https:\/\/vannghetudo.org\/index.php\/tag\/pho-dao-nguyen\/\">Ph\u1ed1 \u0110\u00e0o Nguy\u00ean<\/a><br \/>\n<a class=\"auto-style4\" href=\"https:\/\/vannghetudo.org\/index.php\/tag\/quoc-thai\/\">Qu\u1ed1c Th\u00e1i<\/a><br \/>\n<a class=\"auto-style4\" href=\"https:\/\/vannghetudo.org\/index.php\/tag\/song-ho\/\">Song H\u1ed3<\/a><br \/>\n<a class=\"auto-style4\" href=\"https:\/\/vannghetudo.org\/index.php\/tag\/song-phuong\/\">Song Ph\u01b0\u1ee3ng<\/a><br \/>\n<a class=\"auto-style4\" href=\"https:\/\/vannghetudo.org\/index.php\/tag\/tao-an\/\">T\u1ea1o \u00c2n<\/a><br \/>\n<a class=\"auto-style4\" href=\"https:\/\/vannghetudo.org\/index.php\/tag\/thuong-anh\/\">Th\u01b0\u01a1ng Anh<\/a><br \/>\n<a class=\"auto-style4\" href=\"https:\/\/vannghetudo.org\/index.php\/tag\/thuy-hoai-nhu\/\">Th\u1ee5y Ho\u00e0i Nh\u01b0<\/a><br \/>\n<a class=\"auto-style4\" href=\"https:\/\/vannghetudo.org\/index.php\/tag\/to-anh\/\">T\u1ed1 Anh<\/a><br \/>\n<a class=\"auto-style4\" href=\"https:\/\/vannghetudo.org\/index.php\/tag\/tran-minh-hien\/\">Tr\u1ea7n Minh Hi\u1ec1n<\/a><br \/>\n<a class=\"auto-style4\" href=\"https:\/\/vannghetudo.org\/index.php\/tag\/trang-thanh\/\">Tr\u0103ng Thanh<\/a><br \/>\n<a href=\"https:\/\/vannghetudo.org\/index.php\/tag\/tuan-dinh\/\">Tu\u1ea5n \u0110\u00ecnh<\/a><br \/>\n<a class=\"auto-style4\" href=\"https:\/\/vannghetudo.org\/index.php\/tag\/tuyet-hoa\/\">Tuy\u1ebft Hoa<\/a><br \/>\n<a class=\"auto-style4\" href=\"https:\/\/vannghetudo.org\/index.php\/tag\/tuyet-nga\/\">Tuy\u1ebft Nga<\/a><br \/>\n<a class=\"auto-style4\" href=\"https:\/\/vannghetudo.org\/index.php\/tag\/uyen-thuy-lam\/\">Uy\u00ean Th\u00fay L\u00e2m<\/a><br \/>\n<a class=\"auto-style4\" href=\"https:\/\/vannghetudo.org\/index.php\/tag\/van-hung-doc\/\">V\u0103n H\u00f9ng \u0110\u1ed1c<\/a><br \/>\n<a class=\"auto-style4\" href=\"https:\/\/vannghetudo.org\/index.php\/tag\/vinh-ho\/\">Vinh H\u1ed3<\/a><br \/>\n<a class=\"auto-style4\" href=\"https:\/\/vannghetudo.org\/index.php\/tag\/vu-quang-minh\/\">V\u0169 Quang Minh<\/a><br \/>\n<a class=\"auto-style4\" href=\"https:\/\/vannghetudo.org\/index.php\/tag\/xuan-dan\/\">Xu\u00e2n D\u00e2n<\/a><\/div>\n","protected":false},"excerpt":{"rendered":"<p>B\u00edch Nguy\u1ec7t B\u1ed9i Ng\u1ecdc B\u00f9i Quang D\u0169ng B\u00f9i Th\u1ea1ch Tr\u01b0\u1eddng S\u01a1n Ch\u00e2u H\u00e0 Duy Xuy\u00ean \u0110inh Nh\u01b0 Mai \u0110o\u00e0n Th\u1ee7y Ti\u00ean H\u00e0n Tuy X\u00e1t Hoa V\u0103n Hoa Rau Mu\u1ed1ng Ho\u00e0ng Nam Hu\u1ef3nh Tr\u1ecdng T\u00e2m L\u00ea C\u1ea9m Thanh L\u00ea Phi \u00d4 L\u00ea Ph\u01b0\u1edbc Quy Vi\u1ec7t L\u00ea Th\u1ecb Ho\u00e0i Ni\u1ec7m L\u00ea V\u0103n H\u01b0\u1edfng LMST L\u01b0u H\u1ed3ng Ph\u00fac M\u00e2y T\u00edm Minh Nh\u00e3 Nam Th\u1ea3o Ng\u00f4 Tr\u01b0\u1edfng Ti\u1ebfn Ng\u1ecdc Linh Phong Ng\u01b0\u1eddi X\u1ee9 V\u1ea1n Nguy\u00ean H\u00e0 Nguy\u1ec5n Ho\u00e0ng Linh Nguy\u00ean Ng\u1ed9 Nguy\u1ec5n V\u0103n H\u00e0 Nguy\u1ec5n V\u0103n Th\u00e0nh Ph\u1ea1m B\u00e1 Ph\u00fa Ph\u1ea1m Ho\u00e0i H\u01b0\u01a1ng Ph\u1ea1m Thi\u1ec7n Phan Long Ph\u1ed1 \u0110\u00e0o Nguy\u00ean Qu\u1ed1c Th\u00e1i Song H\u1ed3 Song Ph\u01b0\u1ee3ng T\u1ea1o \u00c2n Th\u01b0\u01a1ng Anh Th\u1ee5y Ho\u00e0i Nh\u01b0 T\u1ed1 Anh Tr\u1ea7n Minh Hi\u1ec1n Tr\u0103ng Thanh Tu\u1ea5n \u0110\u00ecnh Tuy\u1ebft Hoa Tuy\u1ebft Nga Uy\u00ean Th\u00fay L\u00e2m V\u0103n H\u00f9ng \u0110\u1ed1c Vinh H\u1ed3 V\u0169 Quang Minh Xu\u00e2n D\u00e2n<\/p>\n","protected":false},"author":1,"featured_media":0,"parent":0,"menu_order":0,"comment_status":"closed","ping_status":"closed","template":"","meta":{"ngg_post_thumbnail":0,"cybocfi_hide_featured_image":"","footnotes":""},"class_list":["post-202","page","type-page","status-publish","hentry"],"acf":[],"_links":{"self":[{"href":"https:\/\/vannghetudo.org\/index.php\/wp-json\/wp\/v2\/pages\/202","targetHints":{"allow":["GET"]}}],"collection":[{"href":"https:\/\/vannghetudo.org\/index.php\/wp-json\/wp\/v2\/pages"}],"about":[{"href":"https:\/\/vannghetudo.org\/index.php\/wp-json\/wp\/v2\/types\/page"}],"author":[{"embeddable":true,"href":"https:\/\/vannghetudo.org\/index.php\/wp-json\/wp\/v2\/users\/1"}],"replies":[{"embeddable":true,"href":"https:\/\/vannghetudo.org\/index.php\/wp-json\/wp\/v2\/comments?post=202"}],"version-history":[{"count":75,"href":"https:\/\/vannghetudo.org\/index.php\/wp-json\/wp\/v2\/pages\/202\/revisions"}],"predecessor-version":[{"id":7134,"href":"https:\/\/vannghetudo.org\/index.php\/wp-json\/wp\/v2\/pages\/202\/revisions\/7134"}],"wp:attachment":[{"href":"https:\/\/vannghetudo.org\/index.php\/wp-json\/wp\/v2\/media?parent=202"}],"curies":[{"name":"wp","href":"https:\/\/api.w.org\/{rel}","templated":true}]}}